{"id":938,"date":"2023-08-02T17:10:03","date_gmt":"2023-08-02T15:10:03","guid":{"rendered":"https:\/\/fundacjawieluserc.pl\/?page_id=938"},"modified":"2023-08-03T11:08:58","modified_gmt":"2023-08-03T09:08:58","slug":"projekt-szkola-szkola-srednia","status":"publish","type":"page","link":"https:\/\/fundacjawieluserc.pl\/index.php\/projekt-szkola-szkola-srednia\/","title":{"rendered":"PROJEKT &#8211; SZKO\u0141A!  (Szko\u0142a \u015brednia)"},"content":{"rendered":"<p>Chcemy zaoferowa\u0107 uczniom i nauczycielom Pa\u0144stwa szko\u0142y niecodzienne spotkanie z panem Waldemarem Smaszczem. Wybitnym cz\u0142owiekiem, znawc\u0105 polskiej literatury. Wyr\u00f3\u017cnia go talent do bardzo ciekawego przekazywania wiedzy uczniom, jak i nauczycielom. Ka\u017cd\u0105 histori\u0119 potrafi niesamowicie urozmaici\u0107 oraz doda\u0107 do niej wiele element\u00f3w humorystycznych. Ogrom wiedzy, jak\u0105 posiada \u0142\u0105czy z wieloma ciekawostkami, dzi\u0119ki czemu po prostu ka\u017cdy chce go s\u0142ucha\u0107. <\/p><p><strong>Dlaczego warto?<\/strong><\/p><p>Naszym celem jest przekazanie uczniom wiedzy, kt\u00f3rej nie znajd\u0105 w zwyk\u0142ych podr\u0119cznikach oraz w internecie. Zale\u017cy nam na prze\u0142amaniu codziennej rutyny. Chcemy, aby zaj\u0119cia, by\u0142y przyjemniejsze, nios\u0142y ze sob\u0105 warto\u015b\u0107, oraz aby wnios\u0142y co\u015b inspiruj\u0105cego do \u017cycia ka\u017cdego z uczni\u00f3w. Pragniemy przekaza\u0107 uczniom wiedz\u0119 i histori\u0119 od praktycznej strony. Chcemy, aby uczniowie dowiedzieli si\u0119 czego\u015b nowego, co jest tak bardzo zwi\u0105zane nasz\u0105 polsk\u0105 kultur\u0105 i dziedzictwem narodowym. Chcemy, aby poznali ikon\u0119 polskiej poezji, kt\u00f3r\u0105 jest m. in. ks. Jan Twardowski. Pragniemy pokaza\u0107 histori\u0119 od praktycznej strony, \u017ce pr\u00f3cz s\u0142\u00f3w licz\u0105 si\u0119 r\u00f3wnie\u017c czyny, a ks. Jan Twardowski, Czes\u0142aw Mi\u0142osz, Zbigniew Herbert i Jan Kochanowski s\u0105 tego idealnym przyk\u0142adem. <\/p><p><strong>Kim jest Waldemar Smaszcz?<\/strong> <\/p><p>Jest wybitnym historykiem literatury, t\u0142umaczem, eseist\u0105 oraz uznanym krytykiem literackim. Jest autorem kilkunastu ksi\u0105\u017cek, w tym kilku o ks. Janie Twardowskim, z kt\u00f3rym przyja\u017ani\u0142 si\u0119 przez ponad 20 lat a\u017c do jego \u015bmierci w 2006 roku. Jest dwukrotnym zdobywc\u0105 nagrody UW za badania naukowe. Zosta\u0142 r\u00f3wnie\u017c odznaczony Z\u0142otym Krzy\u017cem Zas\u0142ugi. W 2000 roku papie\u017c Jan Pawe\u0142 II przyzna\u0142 mu odznaczenie Najczcigodniejszego Krzy\u017ca Pro Ecclesia et Pontyfice. <\/p><p><strong>Ile czasu trwa spotkanie?<\/strong><\/p><p>Nasze spotkanie chcemy poprowadzi\u0107 podczas lekcji z j\u0119zyka polskiego. Mo\u017cemy um\u00f3wi\u0107 si\u0119 na wyst\u0105pienie, kt\u00f3re potrwa jedn\u0105 godzin\u0119 lekcyjn\u0105, lub dwie, w zale\u017cno\u015bci od pa\u0144stwa preferencji oraz rozk\u0142adu zaj\u0119\u0107 uczni\u00f3w.<\/p><p><\/p><p><strong>Co ze spotkania wynios\u0105 uczniowie? \u2014 Podsumowanie<\/strong><\/p><p>\u2022 oferta dotyczy szk\u00f3\u0142 \u015brednich,<br>\u2022 spotkanie b\u0119dzie idealnym rozwi\u0105zaniem dla uczni\u00f3w wybieraj\u0105cych fakultet z j\u0119zyka polskiego i dla tych, kt\u00f3rzy ju\u017c na ten kierunek ucz\u0119szczaj\u0105,<br>\u2022 uczniowie poznaj\u0105 biografi\u0119 ks. Jana Twardowskiego oraz ciekawostki z \u017cycia innych wybitnych poet\u00f3w,<br>\u2022 dowiedz\u0105 si\u0119 wielu historyjek, kt\u00f3re nie s\u0105 dost\u0119pne w podr\u0119cznikach i w internecie,<br>\u2022 wszyscy zebrani b\u0119d\u0105 mogli zaczerpn\u0105\u0107 inspiracji z \u017cycia ks. Jana Twardowskiego oraz innych wybitnych polskich poet\u00f3w<br>\u2022 zdob\u0119d\u0105 praktyczn\u0105 wiedz\u0119, kt\u00f3r\u0105 b\u0119d\u0105 mogli stosowa\u0107 od razu po zako\u0144czeniu spotkania,<br>\u2022 mo\u017cliwo\u015b\u0107 zadania pyta\u0144 prelegentowi Waldemarowi Smaszczowi,<br>\u2022 zobacz\u0105 inne (bardziej praktyczne) spojrzenie na polsk\u0105 literatur\u0119 i poezj\u0119. Naszym celem jest pokazanie, \u017ce literatura i poezja nie jest tak nudna, jak wi\u0119kszo\u015bci m\u0142odych os\u00f3b mo\u017ce si\u0119 to wydawa\u0107.<\/p><p>\u2022 Informacje zdobyte na spotkaniu w znacznym stopniu mog\u0105 przyda\u0107 si\u0119 uczniom podczas pisania rozprawek, matury z j\u0119zyka polskiego oraz oczywi\u015bcie w \u017cyciu codziennym. <\/p><p><strong>Tematy do wyboru;<\/strong> <\/p><p>Posiadamy szerokie spektrum temat\u00f3w, a ich wyb\u00f3r jest dowolny indywidualnie dla ka\u017cdego nauczyciela. W ci\u0105gu jednego spotkania mo\u017cemy zrealizowa\u0107 ich 2 lub nawet 3. A s\u0105 to:<\/p><p>1. Na czym polega\u0142 fenomen poezji ks. Jana Twardowskiego,<br>2. Odnowienie j\u0119zyka poetyckiego poprzez zanurzenie w j\u0119zyku potocznym \u2013 Ks. Jana Twardowskiego dzie\u0142o na miar\u0119 Jana Kochanowskiego.<br>3. \u201eB\u00f3g ukry\u0142 si\u0119 dlatego, by \u015bwiat by\u0142o wida\u0107\u2026\u201d ks. Jan Twardowski \u2013 poeta przyrody.<br>4. \u201eMi\u0142o\u015b\u0107 przed grzechem i po grzechu zostaje ta sama\u201d. Ks. Jan Twardowski &#8211; poeta paradoksu.<br>5. Przyja\u017anie literackie \u2013 ks. Jan Twardowski i Jan Pawe\u0142 II.<br>6. Przemiany polskiego j\u0119zyka poetyckiego \u2013 od Jana Kochanowskiego do ks. Jana Twardowskiego.<br>7. Pojedynek Jezuit\u00f3w i Bernardyn\u00f3w. U\u015bmiech Pana Boga \u2013 bo w ko\u015bciele trzeba si\u0119 od czasu do czasu u\u015bmiecha\u0107. \u2013 Ks. Jan Twardowski.<br>8. Spotkania w wierszach. R\u00f3\u017cne widzenie s\u0142owa poetyckiego \u2013 Ks. Jan Twardowski i Zbigniew Herbert.<br>9. \u201eBo kto\u015b musia\u0142 si\u0119 za nich modli\u0107. Za poleg\u0142ych koleg\u00f3w\u201d \u2013 Ks. Jan Twardowski \u2013 poeta, powstaniec, kap\u0142an modl\u0105cy si\u0119. <br>10. Czym jest poezja, kt\u00f3ra nie ocala narod\u00f3w ani ludzi \u2013 Czes\u0142awa Mi\u0142osza &#8211; ocalenie przez poezj\u0119.<br>11. Moralny wymiar poezji wieku XX \u2013 Czes\u0142aw Mi\u0142osz.<br>12. \u201eW Wilnie kwitn\u0105 bzy\u201d \u2013 miasto m\u0142odo\u015bci w poezji Czes\u0142awa Mi\u0142osza.<br>13. \u201ePodarowa\u0107 zdradzonemu \u015bwiatu r\u00f3\u017c\u0119\u201d\u2026 Tadeusz R\u00f3\u017cewicz i Zbigniew<br>14. Herbert \u2013 dwie koncepcje poezji po roku 1945.<br>15. Mi\u0119dzy liryczn\u0105 czu\u0142o\u015bci\u0105 a postawangardowym \u201ewstydem uczu\u0107\u201d \u2013 Zbigniew Herbert.<br>16. Filozoficzne przes\u0142anie poezji polskiej Noblistki. Poetka podw\u00f3jnego zaprzeczenia \u2013 Wis\u0142awa Szymborska.<br>17. Przyja\u017anie literackie \u2013 ks. Jan Twardowski i Jan Pawe\u0142 II.<br>18. Przemiany polskiego j\u0119zyka poetyckiego \u2013 od Jana Kochanowskiego do ks. Jana Twardowskiego.<br>19. Trzej poeci z jednej ulicy (Karowej 47, Warszawa), Antoni Malczewski (autor pierwszej polskiej powie\u015bci poetyckiej), Juliusz S\u0142owacki i ks. Jan Twardowski.<br>20. \u201eNa \u015bmier\u0107 poszli po kolei \u2013 jak kamienie przez Boga rzucone na szaniec\u201d \u2013 ofiara \u201em\u0142odych dwudziestoletnich\u201d z lat 1939-1945, na przyk\u0142adzie; Krzysztofa Kamila Baczy\u0144skiego, Tadeusza Gajcego, Andrzeja Trzebi\u0144skiego, Wac\u0142awa Bojarskiego, Ziutka Szczepa\u0144skiego, Krystyny Krahelskiej.<br>21. Ks. Jan Twardowski w Powstaniu Warszawskim. Czy ks. Jan Twardowski m\u00f3g\u0142 by\u0107 \u017co\u0142nierzem w pe\u0142ni tego s\u0142owa znaczeniu?<br>22. Dlaczego Powstanie Warszawskie tak g\u0142\u0119boko zapisa\u0142o si\u0119 zar\u00f3wno w biografii, jak i w poezji ks. Jana Twardowskiego. <br><br>Serdecznie zapraszamy do zapis\u00f3w. Gwarantujemy kawa\u0142 dobrej wiedzy! Jest to okazja, kt\u00f3rej nie mo\u017cna przegapi\u0107. Jeste\u015bmy pewni, \u017ce na spotkaniu zyskaj\u0105 wszyscy uczestnicy. Prosimy o kontakt celem ustalenia szczeg\u00f3\u0142\u00f3w. e-mail: agnieszka.sperska@fundacjawieluserc.pl Tel.: +48 530 141 828<\/p>","protected":false},"excerpt":{"rendered":"<p>Chcemy zaoferowa\u0107 uczniom i nauczycielom Pa\u0144stwa szko\u0142y niecodzienne spotkanie z panem Waldemarem Smaszczem. Wybitnym cz\u0142owiekiem, znawc\u0105 polskiej literatury. Wyr\u00f3\u017cnia go talent do bardzo ciekawego przekazywania wiedzy uczniom, jak i nauczycielom. Ka\u017cd\u0105 histori\u0119 potrafi niesamowicie urozmaici\u0107 oraz doda\u0107 do niej wiele element\u00f3w humorystycznych. Ogrom wiedzy, jak\u0105 posiada \u0142\u0105czy z wieloma ciekawostkami, dzi\u0119ki czemu po prostu ka\u017cdy [&hellip;]<\/p>\n","protected":false},"author":4,"featured_media":0,"parent":0,"menu_order":0,"comment_status":"closed","ping_status":"closed","template":"","meta":{"footnotes":""},"class_list":["post-938","page","type-page","status-publish","hentry"],"blocksy_meta":[],"_links":{"self":[{"href":"https:\/\/fundacjawieluserc.pl\/index.php\/wp-json\/wp\/v2\/pages\/938","targetHints":{"allow":["GET"]}}],"collection":[{"href":"https:\/\/fundacjawieluserc.pl\/index.php\/wp-json\/wp\/v2\/pages"}],"about":[{"href":"https:\/\/fundacjawieluserc.pl\/index.php\/wp-json\/wp\/v2\/types\/page"}],"author":[{"embeddable":true,"href":"https:\/\/fundacjawieluserc.pl\/index.php\/wp-json\/wp\/v2\/users\/4"}],"replies":[{"embeddable":true,"href":"https:\/\/fundacjawieluserc.pl\/index.php\/wp-json\/wp\/v2\/comments?post=938"}],"version-history":[{"count":7,"href":"https:\/\/fundacjawieluserc.pl\/index.php\/wp-json\/wp\/v2\/pages\/938\/revisions"}],"predecessor-version":[{"id":1274,"href":"https:\/\/fundacjawieluserc.pl\/index.php\/wp-json\/wp\/v2\/pages\/938\/revisions\/1274"}],"wp:attachment":[{"href":"https:\/\/fundacjawieluserc.pl\/index.php\/wp-json\/wp\/v2\/media?parent=938"}],"curies":[{"name":"wp","href":"https:\/\/api.w.org\/{rel}","templated":true}]}}