{"id":41,"date":"2022-03-01T21:30:02","date_gmt":"2022-03-01T20:30:02","guid":{"rendered":"http:\/\/wieluserc.wserwis.waw.pl\/?page_id=41"},"modified":"2025-01-03T12:13:01","modified_gmt":"2025-01-03T11:13:01","slug":"o-nas","status":"publish","type":"page","link":"https:\/\/fundacjawieluserc.pl\/index.php\/o-nas\/","title":{"rendered":"O nas"},"content":{"rendered":"<p><img decoding=\"async\" title=\"Wesprzyj Ukraine (3)\" src=\"https:\/\/fundacjawieluserc.pl\/wp-content\/uploads\/elementor\/thumbs\/Wesprzyj-Ukraine-3-pmec8pxhwno3ehokw0kmrlg528xvboa1hi84q5wwio.png\" alt=\"Wesprzyj Ukraine (3)\" \/><\/p>\n<h1>O NAS<\/h1>\n<p><strong>Fundacja<\/strong> <strong>Wielu Serc<\/strong>\u00a0dzia\u0142a na obszarze Rzeczypospolitej Polskiej, a tak\u017ce poza jej granicami, gdy wymaga tego spe\u0142nianie cel\u00f3w Fundacji. Za cele postawili\u015bmy sobie realizacj\u0119 wielu idei, bezpo\u015brednio zwi\u0105zanych z polsk\u0105 kultur\u0105, nauk\u0105 oraz tradycj\u0105.<\/p>\n<p>Fundacja Wielu Serc to co\u015b wi\u0119cej ni\u017c organizacja \u2013 to ruch, kt\u00f3ry promuje kultur\u0119, piel\u0119gnuje i jednoczy ludzi wok\u00f3\u0142 wsp\u00f3lnych warto\u015bci. Swoimi dzia\u0142aniami przypominamy, \u017ce \u200b\u200bw\u0142a\u015bnie dziedzictwo kulturowe i historia s\u0105 fundamentem i jest wsp\u00f3ln\u0105 naszej to\u017csamo\u015bci. Wspieramy znaczenie polskiego dziedzictwa, inspirujemy do dumy z narodowych korzeni i anga\u017cujemy si\u0119 w tworzenie wsp\u00f3lnego, warto\u015bciowego dobra kulturowego i narodowego.<\/p>\n<p>Naszym g\u0142\u00f3wnym celem jest promowanie kultury i ochrona dziedzictwa narodowego. Anga\u017cujemy si\u0119 w r\u00f3\u017cnorodne projekty maj\u0105ce na celu zachowanie i popularyzacj\u0119 polskiego dziedzictwa kulturowego. Dzia\u0142amy na wielu p\u0142aszczyznach, wspieramy poet\u00f3w, pisarzy, artyst\u00f3w, organizujemy wydarzenia kulturalne, kt\u00f3re przybli\u017caj\u0105 bogactwo tradycji i historii naszego kraju. W ramach swoich dzia\u0142a\u0144 organizujemy warsztaty, wyk\u0142ady, projekty edukacyjne skierowane do ka\u017cdej grupy wiekowej.<\/p>\n<p>Bardzo wa\u017cne miejsce w realizacji powy\u017cszych zada\u0144 zajmuje polska poezja. W szczeg\u00f3lno\u015bci upowszechniamy spu\u015bcizn\u0119 chrze\u015bcija\u0144skich poet\u00f3w, organizuj\u0105c spotkania i r\u00f3\u017cnego rodzaju projekty. Odbywa si\u0119 to przy udziale i anga\u017cu spo\u0142eczno\u015bci, do kt\u00f3rej staramy si\u0119 dotrze\u0107 poprzez alternatywne o\u015brodki medialnego przekazu.<\/p>\n<p>Pragniemy te\u017c \u0142\u0105czy\u0107 ze sob\u0105 r\u00f3\u017cne dziedziny sztuki w sensie spo\u0142ecznego odbioru. St\u0105d nierzadko wydarzenia po\u015bwi\u0119cone poezji s\u0105 jednocze\u015bnie okazj\u0105 do prezentowania muzyki szerokiemu gronu odbiorc\u00f3w. Szczeg\u00f3lnym wariantem organizowanych wydarze\u0144 s\u0105 np. koncerty muzyk\u00f3w, a tak\u017ce<br \/>\nkoncerty muzyki organowej.<\/p>\n<p>W swoj\u0105 dzia\u0142alno\u015b\u0107 anga\u017cujemy lokaln\u0105 spo\u0142eczno\u015b\u0107, zach\u0119caj\u0105c do aktywnego udzia\u0142u w ochronie i rozwoju kultury. \u00a0Dzi\u0119ki temu pomagamy odkrywa\u0107 i rozwija\u0107 pasj\u0119 oraz talenty artystyczne. Ponadto, wsp\u00f3\u0142pracujemy z instytucjami kultury, aby wsp\u00f3lnie promowa\u0107 ochron\u0119 zabytk\u00f3w i tradycji.<\/p>\n<p>Fundacja nieustannie poszerza swoj\u0105 dzia\u0142alno\u015b\u0107, d\u0105\u017c\u0105c do tego, by kultura by\u0142a dost\u0119pna dla ka\u017cdego, kto pragnie z niej czerpa\u0107 i si\u0119 ni\u0105 dzieli\u0107. W ten spos\u00f3b przyczyniamy si\u0119 do budowania spo\u0142ecze\u0144stwa opartego na otwarto\u015bci, dialogu i wzajemnym zrozumieniu.<\/p>\n<p>Jeste\u015bmy przekonani, \u017ce \u200b\u200bkultura i dziedzictwo narodowe maj\u0105 moc jednoczenia ludzi oraz inspirowania do zmiany. D\u0105\u017c\u0105c do przekazania \u015bwiadomo\u015bci o warto\u015bciach polskich tradycji i historii. Pragniemy inspirowa\u0107 do dumy z polsko\u015bci i zach\u0119ca\u0107 do jej promowania zar\u00f3wno w kraju, jak i poza granicami.<\/p>\n<p>Dzia\u0142ania Fundacji Wielu Serc s\u0105 nieocenione dla kultywowania pami\u0119ci o przesz\u0142o\u015bci i budowania most\u00f3w mi\u0119dzy kultur\u0105 a wsp\u00f3\u0142czesnym spo\u0142ecze\u0144stwem. Poprzez swoje inicjatywy pokazuje, \u017ce ochrona dziedzictwa narodowego jest nie tylko obowi\u0105zkiem, ale i przywilejem, kt\u00f3ry pozwala nam czerpa\u0107 z bogactwa przesz\u0142o\u015bci w drodze ku przysz\u0142o\u015bci.<\/p>\n<h6>Pozosta\u0142e cele statutowe:<\/h6>\n<h6><strong>Organizacja wolontariatu.<\/strong><\/h6>\n<p>Zdajemy sobie spraw\u0119, \u017ce cele Fundacji &#8222;Wielu Serc&#8221; s\u0105 bardzo ambitne. Co za tym idzie, do ich realizacji potrzebni s\u0105 ludzie. Dostrzegaj\u0105c wok\u00f3\u0142 niezwyk\u0142\u0105 potrzeb\u0119 i ch\u0119\u0107 niesienia pomocy innym, pragniemy podj\u0105\u0107 si\u0119 organizacji wolontariatu. Zapraszamy ch\u0119tne osoby do wsp\u00f3\u0142pracy z Fundacj\u0105. Wolontariat b\u0119dzie obejmowa\u0142 r\u00f3\u017cne obszary dzia\u0142alno\u015bci Fundacji.<br \/>\nBardzo wa\u017cnym elementem dzia\u0142alno\u015bci jest ochrona i opieka nad zar\u00f3wno materialnymi, jak i niematerialnymi dobrami kultury narodowej. Tak\u017ce do realizacji tych cel\u00f3w potrzebni b\u0119d\u0105 wolontariusze oraz wszystkie osoby, dla kt\u00f3rych chrze\u015bcija\u0144skie zasady stoj\u0105 najwy\u017cej w hierarchii ich warto\u015bci. Fundacja &#8222;Wielu serc&#8221; jest dla Was wszystkich otwarta.<\/p>\n<h6><strong>Promowanie kultury chrze\u015bcija\u0144skiej.<\/strong><\/h6>\n<p>Fundacja z zaanga\u017cowaniem podejmuje misj\u0119 promowania kultury chrze\u015bcija\u0144skiej jako niezast\u0105pionego elementu duchowego i spo\u0142ecznego dziedzictwa. Wierzymy, \u017ce sztuka i kultura inspirowane warto\u015bciami chrze\u015bcija\u0144skimi s\u0105 nie tylko pi\u0119knem samym w sobie, ale r\u00f3wnie\u017c g\u0142\u0119bokim \u015bwiadectwem wiary, kt\u00f3re potrafi porusza\u0107 serca i umys\u0142y ludzi.<\/p>\n<p>Fundacja wyra\u017ca gotowo\u015b\u0107 obj\u0119cia patronatem artyst\u00f3w chrze\u015bcija\u0144skich, kt\u00f3rych tw\u00f3rczo\u015b\u0107 odzwierciedla Ewangeli\u0119 i warto\u015bci katolickie. Pragniemy wspiera\u0107 rozw\u00f3j talent\u00f3w poprzez organizacj\u0119 wystaw, koncert\u00f3w, warsztat\u00f3w artystycznych oraz innych wydarze\u0144, kt\u00f3re pozwalaj\u0105 na wyra\u017cenie wiary w spos\u00f3b tw\u00f3rczy i autentyczny.<\/p>\n<p>Promuj\u0105c kultur\u0119 chrze\u015bcija\u0144sk\u0105, pragniemy by\u0107 miejscem dialogu pomi\u0119dzy tradycj\u0105 a wsp\u00f3\u0142czesno\u015bci\u0105. Tworzymy przestrze\u0144, w kt\u00f3rej sztuka i kultura mog\u0105 spotka\u0107 si\u0119 z duchowo\u015bci\u0105, inspiruj\u0105c ludzi do odkrywania pi\u0119kna Ewangelii w codziennym \u017cyciu. Zapraszamy do wsp\u00f3\u0142pracy artyst\u00f3w, wsp\u00f3lnoty oraz wszystkich, kt\u00f3rzy pragn\u0105 w\u0142\u0105czy\u0107 si\u0119 w dzie\u0142o budowania kultury opartej na mi\u0142o\u015bci, prawdzie i pi\u0119knie!<\/p>\n<h6><strong>Edukacja i pomoc dla obcokrajowc\u00f3w.<\/strong><\/h6>\n<p>Obejmujemy sw\u0105 opiek\u0105 tak\u017ce spo\u0142eczno\u015b\u0107 nie pos\u0142uguj\u0105c\u0105 si\u0119 j\u0119zykiem polskim, pochodz\u0105c\u0105 spoza granic Rzeczpospolitej Polskiej. W szczeg\u00f3lno\u015bci pragniemy umo\u017cliwi\u0107 nauk\u0119 j\u0119zyka polskiego. Kolejn\u0105 ide\u0105 Fundacji jest zorganizowanie dla nich pomocy w zdobyciu sta\u017cu, a nast\u0119pnie pracy.<br \/>\nWy\u017cej opisane dzia\u0142ania maj\u0105 na celu przeciwdzia\u0142anie wykluczeniu obcokrajowc\u00f3w z \u017cycia spo\u0142eczno\u015bci. Pragniemy tak\u017ce, by bez wzgl\u0119du na narodowo\u015b\u0107 czy wiar\u0119, okazywa\u0107 potrzebuj\u0105cym pomoc i maj\u0105c\u0105 na celu krzewienie dobra i przyja\u017ani ponad podzia\u0142ami. Chcemy umo\u017cliwi\u0107 im nie tylko nauk\u0119 j\u0119zyka polskiego, czy pom\u00f3c w znalezieniu pracy, ale tak\u017ce stworzy\u0107 warunki, w kt\u00f3rych b\u0119d\u0105 mogli pozna\u0107 polsk\u0105 kultur\u0119, sztuk\u0119 i tradycj\u0119.<\/p>\n<h6><strong>Administrator strony.<\/strong><\/h6>\n<aside id=\"block-12\">Agnieszka<br \/>\nkontakt@fundacjawieluserc.pl<br \/>\n+48 530 141 828<\/aside>\n<aside id=\"block-17\"><\/aside>\n<aside id=\"custom_html-3\"><\/aside>\n<h6>Wsp\u00f3\u0142pracujemy z:<\/h6>\n<figure><img decoding=\"async\" src=\"https:\/\/fundacjawieluserc.pl\/wp-content\/uploads\/2022\/04\/Group-2-300x120.png\" alt=\"STOWARZYSZENIE OS\u00d3B NIEPE\u0141NOSPRAWNYCH\" \/><figcaption>STOWARZYSZENIE OS\u00d3B NIEPE\u0141NOSPRAWNYCH<\/figcaption><\/figure>\n<figure><img decoding=\"async\" src=\"https:\/\/fundacjawieluserc.pl\/wp-content\/uploads\/2022\/04\/logo-300x87.png\" alt=\"wybieramboga.pl\" \/><figcaption>PORTAL CHRZE\u015aCIJA\u0143SKI<\/figcaption><\/figure>\n<figure><figcaption><\/figcaption><\/figure>\n<p>Poprzednie<br \/>\nNast\u0119pne<\/p>\n","protected":false},"excerpt":{"rendered":"<p>O NAS Fundacja Wielu Serc\u00a0dzia\u0142a na obszarze Rzeczypospolitej Polskiej, a tak\u017ce poza jej granicami, gdy wymaga tego spe\u0142nianie cel\u00f3w Fundacji. Za cele postawili\u015bmy sobie realizacj\u0119 wielu idei, bezpo\u015brednio zwi\u0105zanych z polsk\u0105 kultur\u0105, nauk\u0105 oraz tradycj\u0105. Fundacja Wielu Serc to co\u015b wi\u0119cej ni\u017c organizacja \u2013 to ruch, kt\u00f3ry promuje kultur\u0119, piel\u0119gnuje i jednoczy ludzi wok\u00f3\u0142 wsp\u00f3lnych [&hellip;]<\/p>\n","protected":false},"author":1,"featured_media":284,"parent":0,"menu_order":0,"comment_status":"closed","ping_status":"closed","template":"elementor_header_footer","meta":{"footnotes":""},"class_list":["post-41","page","type-page","status-publish","has-post-thumbnail","hentry"],"blocksy_meta":[],"_links":{"self":[{"href":"https:\/\/fundacjawieluserc.pl\/index.php\/wp-json\/wp\/v2\/pages\/41","targetHints":{"allow":["GET"]}}],"collection":[{"href":"https:\/\/fundacjawieluserc.pl\/index.php\/wp-json\/wp\/v2\/pages"}],"about":[{"href":"https:\/\/fundacjawieluserc.pl\/index.php\/wp-json\/wp\/v2\/types\/page"}],"author":[{"embeddable":true,"href":"https:\/\/fundacjawieluserc.pl\/index.php\/wp-json\/wp\/v2\/users\/1"}],"replies":[{"embeddable":true,"href":"https:\/\/fundacjawieluserc.pl\/index.php\/wp-json\/wp\/v2\/comments?post=41"}],"version-history":[{"count":63,"href":"https:\/\/fundacjawieluserc.pl\/index.php\/wp-json\/wp\/v2\/pages\/41\/revisions"}],"predecessor-version":[{"id":1526,"href":"https:\/\/fundacjawieluserc.pl\/index.php\/wp-json\/wp\/v2\/pages\/41\/revisions\/1526"}],"wp:featuredmedia":[{"embeddable":true,"href":"https:\/\/fundacjawieluserc.pl\/index.php\/wp-json\/wp\/v2\/media\/284"}],"wp:attachment":[{"href":"https:\/\/fundacjawieluserc.pl\/index.php\/wp-json\/wp\/v2\/media?parent=41"}],"curies":[{"name":"wp","href":"https:\/\/api.w.org\/{rel}","templated":true}]}}