{"id":1462,"date":"2023-11-22T17:48:40","date_gmt":"2023-11-22T16:48:40","guid":{"rendered":"https:\/\/fundacjawieluserc.pl\/?page_id=1462"},"modified":"2023-11-22T18:24:01","modified_gmt":"2023-11-22T17:24:01","slug":"zbieramy-zywnosc","status":"publish","type":"page","link":"https:\/\/fundacjawieluserc.pl\/index.php\/zbieramy-zywnosc\/","title":{"rendered":"Zbieramy \u017cywno\u015b\u0107"},"content":{"rendered":"<figure class=\"wp-block-image size-large is-resized\"><img loading=\"lazy\" decoding=\"async\" width=\"1024\" height=\"614\" src=\"https:\/\/fundacjawieluserc.pl\/wp-content\/uploads\/2023\/11\/zywnosc-1024x614.jpg\" alt=\"\" class=\"wp-image-1465\" style=\"width:712px;height:auto\" srcset=\"https:\/\/fundacjawieluserc.pl\/wp-content\/uploads\/2023\/11\/zywnosc-1024x614.jpg 1024w, https:\/\/fundacjawieluserc.pl\/wp-content\/uploads\/2023\/11\/zywnosc-600x360.jpg 600w, https:\/\/fundacjawieluserc.pl\/wp-content\/uploads\/2023\/11\/zywnosc-300x180.jpg 300w, https:\/\/fundacjawieluserc.pl\/wp-content\/uploads\/2023\/11\/zywnosc-768x461.jpg 768w, https:\/\/fundacjawieluserc.pl\/wp-content\/uploads\/2023\/11\/zywnosc-1536x922.jpg 1536w, https:\/\/fundacjawieluserc.pl\/wp-content\/uploads\/2023\/11\/zywnosc.jpg 2000w\" sizes=\"auto, (max-width: 1024px) 100vw, 1024px\" \/><\/figure><p>W obliczu rosn\u0105cego zapotrzebowania na pomoc \u017cywno\u015bciow\u0105, postanowili\u015bmy uruchomi\u0107 zbi\u00f3rk\u0119 \u017cywno\u015bci, kt\u00f3rej celem jest przekazanie wsparcia osobom i rodzinom znajduj\u0105cym si\u0119 w trudnej lub skrajnie trudnej sytuacji materialnej. Nasza fundacja nieustannie stara si\u0119 pomaga\u0107 tym, kt\u00f3rych ju\u017c nie sta\u0107 na zakup owoc\u00f3w i warzyw, kt\u00f3re s\u0105 niezb\u0119dne dla utrzymania zdrowej diety.&nbsp;<\/p><p>Od chwili uruchomienia naszej akcji, g\u0142\u00f3wnie odbieramy owoce i warzywa od hojnych darczy\u0144c\u00f3w, jednak sklepy r\u00f3wnie\u017c przekazuj\u0105 nam r\u00f3\u017cnorodne produkty, takie jak makarony, cukier, nabia\u0142 i wiele innych. To wszystko po to, aby\u015bmy mogli sprosta\u0107 wyzwaniom stoj\u0105cym przed nami oraz pomaga\u0107 jeszcze wi\u0119kszej liczbie os\u00f3b, kt\u00f3re potrzebuj\u0105 naszego wsparcia.&nbsp;<\/p><p>Bardzo dzi\u0119kujemy za ka\u017cdy gest pomocy i serdecznie zach\u0119camy podmioty do przekazywania nam \u017cywno\u015bci. Ka\u017cdy produkt, jaki trafia do naszej zbi\u00f3rki, ma ogromne znaczenie i wp\u0142ywa bezpo\u015brednio na popraw\u0119 jako\u015bci \u017cycia potrzebuj\u0105cych.<br>Twoja pomoc mo\u017ce sta\u0107 si\u0119 \u015bwiat\u0142em nadziei dla tych, kt\u00f3rzy znajduj\u0105 si\u0119 w trudnej sytuacji i borykaj\u0105 si\u0119 z codziennymi trudno\u015bciami.&nbsp;<\/p><p>Razem mo\u017cemy zrobi\u0107 wiele! Zapraszamy do zostawienia daru serca potrzebuj\u0105cym i s\u0142abszym! Niech nasze dzia\u0142ania stan\u0105 si\u0119 symbolem solidarno\u015bci i wsp\u00f3\u0142pracy \u2013 razem zmieniamy \u015bwiat na lepsze!\u00a0<\/p><p><\/p><p>Swoje produkty hojnie przekazuj\u0105 nam:<\/p><blockquote class=\"wp-block-quote is-layout-flow wp-block-quote-is-layout-flow\"><p>Sklep owocowo-warzywny Manhattan Square, ul. Pozna\u0144ska 280\/18, O\u017car\u00f3w Mazowiecki<\/p>\n\n<p>Carrefour Express, ul. Konotopska 4A, O\u017car\u00f3w Mazowiecki<\/p><\/blockquote><p><\/p><p>Serdecznie dzi\u0119kujemy za nieocenion\u0105 pomoc i ufamy, \u017ce nasza wsp\u00f3lna praca przyniesie dalsze dobre rezultaty. Wszystkim ludziom otwartego serca \u017cyczymy wszelkiego dobra, zdrowia i sukces\u00f3w. B\u0105d\u017acie pewni, \u017ce Wasze dzia\u0142ania maj\u0105 ogromne znaczenie dla naszych podopiecznych i dla nas samych.<br><\/p>","protected":false},"excerpt":{"rendered":"<p>W obliczu rosn\u0105cego zapotrzebowania na pomoc \u017cywno\u015bciow\u0105, postanowili\u015bmy uruchomi\u0107 zbi\u00f3rk\u0119 \u017cywno\u015bci, kt\u00f3rej celem jest przekazanie wsparcia osobom i rodzinom znajduj\u0105cym si\u0119 w trudnej lub skrajnie trudnej sytuacji materialnej. Nasza fundacja nieustannie stara si\u0119 pomaga\u0107 tym, kt\u00f3rych ju\u017c nie sta\u0107 na zakup owoc\u00f3w i warzyw, kt\u00f3re s\u0105 niezb\u0119dne dla utrzymania zdrowej diety.&nbsp; Od chwili uruchomienia naszej [&hellip;]<\/p>\n","protected":false},"author":4,"featured_media":0,"parent":0,"menu_order":0,"comment_status":"closed","ping_status":"closed","template":"","meta":{"footnotes":""},"class_list":["post-1462","page","type-page","status-publish","hentry"],"blocksy_meta":[],"_links":{"self":[{"href":"https:\/\/fundacjawieluserc.pl\/index.php\/wp-json\/wp\/v2\/pages\/1462","targetHints":{"allow":["GET"]}}],"collection":[{"href":"https:\/\/fundacjawieluserc.pl\/index.php\/wp-json\/wp\/v2\/pages"}],"about":[{"href":"https:\/\/fundacjawieluserc.pl\/index.php\/wp-json\/wp\/v2\/types\/page"}],"author":[{"embeddable":true,"href":"https:\/\/fundacjawieluserc.pl\/index.php\/wp-json\/wp\/v2\/users\/4"}],"replies":[{"embeddable":true,"href":"https:\/\/fundacjawieluserc.pl\/index.php\/wp-json\/wp\/v2\/comments?post=1462"}],"version-history":[{"count":5,"href":"https:\/\/fundacjawieluserc.pl\/index.php\/wp-json\/wp\/v2\/pages\/1462\/revisions"}],"predecessor-version":[{"id":1469,"href":"https:\/\/fundacjawieluserc.pl\/index.php\/wp-json\/wp\/v2\/pages\/1462\/revisions\/1469"}],"wp:attachment":[{"href":"https:\/\/fundacjawieluserc.pl\/index.php\/wp-json\/wp\/v2\/media?parent=1462"}],"curies":[{"name":"wp","href":"https:\/\/api.w.org\/{rel}","templated":true}]}}